{"id":11,"date":"2017-12-27T13:01:36","date_gmt":"2017-12-27T12:01:36","guid":{"rendered":"http:\/\/francoistuphe.com\/?page_id=11"},"modified":"2020-03-19T14:48:55","modified_gmt":"2020-03-19T13:48:55","slug":"biographie","status":"publish","type":"page","link":"https:\/\/francoistuphe.com\/en\/biographie\/","title":{"rendered":"Biography"},"content":{"rendered":"<p><\/p>\n<figure id=\"attachment_56\" aria-describedby=\"caption-attachment-56\" style=\"width: 400px\" class=\"wp-caption alignright\"><img loading=\"lazy\" decoding=\"async\" class=\"wp-image-56\" src=\"https:\/\/francoistuphe.com\/wp-content\/uploads\/2017\/12\/24297402_1699383240112110_2714488213380002049_o.jpg\" alt=\"\" width=\"400\" height=\"600\" srcset=\"https:\/\/francoistuphe.com\/wp-content\/uploads\/2017\/12\/24297402_1699383240112110_2714488213380002049_o.jpg 1365w, https:\/\/francoistuphe.com\/wp-content\/uploads\/2017\/12\/24297402_1699383240112110_2714488213380002049_o-600x900.jpg 600w, https:\/\/francoistuphe.com\/wp-content\/uploads\/2017\/12\/24297402_1699383240112110_2714488213380002049_o-200x300.jpg 200w, https:\/\/francoistuphe.com\/wp-content\/uploads\/2017\/12\/24297402_1699383240112110_2714488213380002049_o-768x1152.jpg 768w, https:\/\/francoistuphe.com\/wp-content\/uploads\/2017\/12\/24297402_1699383240112110_2714488213380002049_o-683x1024.jpg 683w\" sizes=\"(max-width: 400px) 100vw, 400px\" \/><figcaption id=\"caption-attachment-56\" class=\"wp-caption-text\">The Fuzz Gentlemen<br \/>@Le Silex, Release Party &#8220;Early Is On Time&#8221;<br \/>Cr\u00e9dit Photo: Sandrine Deschamps<\/figcaption><\/figure>\n<p>Fran\u00e7ois Tuph\u00e9 was born December 10, 1993 in Auxerre. \u00a0At around 4 years old, he discovers his passion for music while listening to a choir performing Schubert\u2019s Ave Maria. Shortly after, he starts his musical training, learning to play the Alto Violin for years and later, the transverse flute.<\/p>\n<p>At the age of 12, he watches a concert where Metallica performs with the symphony orchestra of San Francisco. This experience enables him to discover Modern Musics (<em>Musiques Actuelles<\/em>). Keen on the mimicking of the famous guitar player James Hetfield, he quickly gives up classical music to devote himself to the learning of electric guitar. Many musical projects follow (Jah Mighty, The Bakers, Delirium\u2026), as well as the creation of the group\u00a0<a href=\"http:\/\/facebook.com\/HealHeaven\">Heal Heaven<\/a>\u00a0with fellow musical students.<\/p>\n<p>Studying first in the Conservatory of Auxerre, he follows, after his baccalaureate, a training at the famous Music Academy International where he attends classes provided by Guthrie Govan, Bryan Beller, Marco Minnemann, TM Stevens (Stevie Salas, James Brown\u2026), Patrick Rondat, Manu Livertout (Koritni), Hassan Hajdi (Ange), among others well-known artists.<\/p>\n<p>In July 2013, Fran\u00e7ois has already released one EP and one album with his group Heal Heaven, where he is the lead singer and guitarist; recorded tens of pieces in recording studios for local groups and guitarists in Nancy; passed the entrance examination of the PESM Bourgogne, institute training students for the\u00a0<em>Dipl\u00f4me d\u2019Etat d\u2019enseignement en conservatoire<\/em>\u00a0and the DNSPM (<em>Dipl\u00f4me National Sup\u00e9rieur du Professionnel de la Musique).<\/em><\/p>\n<p>In 2015, he passes his\u00a0<em>Dipl\u00f4me d\u2019Etat d\u2019enseignement en conservatoire\u00a0<\/em>and founds the Rock Stoner trio \u00ab\u00a0<a href=\"http:\/\/facebook.com\/TheFuzzGentlemen\">The Fuzz Gentlemen<\/a>\u00a0\u00bb.<\/p>\n<p>In 2016, once he has gained his three diplomas, he decides to settle in Italy, to reconnect with his love for classical music in particular.<\/p>\n<p>In 2017, he went to live in Los Angeles (CA, USA) during few months to work with different artists.<\/p>\n<p>Currently, he is preparing a solo album which should be released in January 2018, while giving guitar lessons in France, or via Skype. He is also writing about an educational method concerning skills related to Metal music.<\/p>","protected":false},"excerpt":{"rendered":"<p>Fran\u00e7ois Tuph\u00e9 was born December 10, 1993 in Auxerre. \u00a0At around 4 years old, he discovers his passion for music while listening to a choir performing Schubert\u2019s Ave Maria. Shortly after, he starts his musical training, learning to play the Alto Violin for years and later, the transverse flute. At the age of 12, he <a class=\"read-more\" href=\"https:\/\/francoistuphe.com\/en\/biographie\/\">Read More<\/a><\/p>\n","protected":false},"author":1,"featured_media":0,"parent":0,"menu_order":0,"comment_status":"closed","ping_status":"closed","template":"","meta":{"footnotes":""},"yoast_head":"<!-- This site is optimized with the Yoast SEO plugin v22.2 - https:\/\/yoast.com\/wordpress\/plugins\/seo\/ -->\n<title>Fran\u00e7ois Tuph\u00e9 - Biography<\/title>\n<meta name=\"description\" content=\"Fran\u00e7ois Tuph\u00e9&#039;s biography, professionnal musician.\" \/>\n<meta name=\"robots\" content=\"index, follow, max-snippet:-1, max-image-preview:large, max-video-preview:-1\" \/>\n<link rel=\"canonical\" href=\"https:\/\/francoistuphe.com\/biographie\/\" \/>\n<meta property=\"og:locale\" content=\"en_US\" \/>\n<meta property=\"og:type\" content=\"article\" \/>\n<meta property=\"og:title\" content=\"[:fr]Fran\u00e7ois Tuph\u00e9 - Biographie [:en]Fran\u00e7ois Tuph\u00e9 - Biography[:]\" \/>\n<meta property=\"og:description\" content=\"{:fr}Biographie de Fran\u00e7ois Tuph\u00e9, musicien professionnel. {:en}Fran\u00e7ois Tuph\u00e9&#039;s biography, professionnal musician. {:}\" \/>\n<meta property=\"og:url\" content=\"https:\/\/francoistuphe.com\/biographie\/\" \/>\n<meta property=\"og:site_name\" content=\"Fran\u00e7ois Tuph\u00e9\" \/>\n<meta property=\"article:publisher\" content=\"https:\/\/www.facebook.com\/francois.tuphe.beanie.boy\" \/>\n<meta property=\"article:modified_time\" content=\"2020-03-19T13:48:55+00:00\" \/>\n<meta property=\"og:image\" content=\"https:\/\/francoistuphe.com\/wp-content\/uploads\/2017\/12\/24297402_1699383240112110_2714488213380002049_o.jpg\" \/>\n<meta name=\"twitter:card\" content=\"summary_large_image\" \/>\n<meta name=\"twitter:label1\" content=\"Est. reading time\" \/>\n\t<meta name=\"twitter:data1\" content=\"4 minutes\" \/>\n<script type=\"application\/ld+json\" class=\"yoast-schema-graph\">{\"@context\":\"https:\/\/schema.org\",\"@graph\":[{\"@type\":\"WebPage\",\"@id\":\"https:\/\/francoistuphe.com\/biographie\/\",\"url\":\"https:\/\/francoistuphe.com\/biographie\/\",\"name\":\"[:fr]Fran\u00e7ois Tuph\u00e9 - Biographie [:en]Fran\u00e7ois Tuph\u00e9 - Biography[:]\",\"isPartOf\":{\"@id\":\"https:\/\/francoistuphe.com\/#website\"},\"primaryImageOfPage\":{\"@id\":\"https:\/\/francoistuphe.com\/biographie\/#primaryimage\"},\"image\":{\"@id\":\"https:\/\/francoistuphe.com\/biographie\/#primaryimage\"},\"thumbnailUrl\":\"https:\/\/francoistuphe.com\/wp-content\/uploads\/2017\/12\/24297402_1699383240112110_2714488213380002049_o.jpg\",\"datePublished\":\"2017-12-27T12:01:36+00:00\",\"dateModified\":\"2020-03-19T13:48:55+00:00\",\"description\":\"{:fr}Biographie de Fran\u00e7ois Tuph\u00e9, musicien professionnel. {:en}Fran\u00e7ois Tuph\u00e9's biography, professionnal musician. {:}\",\"breadcrumb\":{\"@id\":\"https:\/\/francoistuphe.com\/biographie\/#breadcrumb\"},\"inLanguage\":\"en-US\",\"potentialAction\":[{\"@type\":\"ReadAction\",\"target\":[\"https:\/\/francoistuphe.com\/biographie\/\"]}]},{\"@type\":\"ImageObject\",\"inLanguage\":\"en-US\",\"@id\":\"https:\/\/francoistuphe.com\/biographie\/#primaryimage\",\"url\":\"https:\/\/francoistuphe.com\/wp-content\/uploads\/2017\/12\/24297402_1699383240112110_2714488213380002049_o.jpg\",\"contentUrl\":\"https:\/\/francoistuphe.com\/wp-content\/uploads\/2017\/12\/24297402_1699383240112110_2714488213380002049_o.jpg\",\"width\":1365,\"height\":2048,\"caption\":\"The Fuzz Gentlemen @Le Silex, Release Party \\\"Early Is On Time\\\" Cr\u00e9dit Photo: Sandrine Deschamps\"},{\"@type\":\"BreadcrumbList\",\"@id\":\"https:\/\/francoistuphe.com\/biographie\/#breadcrumb\",\"itemListElement\":[{\"@type\":\"ListItem\",\"position\":1,\"name\":\"Accueil\",\"item\":\"https:\/\/francoistuphe.com\/\"},{\"@type\":\"ListItem\",\"position\":2,\"name\":\"Biographie\"}]},{\"@type\":\"WebSite\",\"@id\":\"https:\/\/francoistuphe.com\/#website\",\"url\":\"https:\/\/francoistuphe.com\/\",\"name\":\"Fran\u00e7ois Tuph\u00e9\",\"description\":\"Music Connects People Records\",\"publisher\":{\"@id\":\"https:\/\/francoistuphe.com\/#organization\"},\"potentialAction\":[{\"@type\":\"SearchAction\",\"target\":{\"@type\":\"EntryPoint\",\"urlTemplate\":\"https:\/\/francoistuphe.com\/?s={search_term_string}\"},\"query-input\":\"required name=search_term_string\"}],\"inLanguage\":\"en-US\"},{\"@type\":\"Organization\",\"@id\":\"https:\/\/francoistuphe.com\/#organization\",\"name\":\"Auto-entreprise Fran\u00e7ois Tuph\u00e9\",\"url\":\"https:\/\/francoistuphe.com\/\",\"logo\":{\"@type\":\"ImageObject\",\"inLanguage\":\"en-US\",\"@id\":\"https:\/\/francoistuphe.com\/#\/schema\/logo\/image\/\",\"url\":\"https:\/\/francoistuphe.com\/wp-content\/uploads\/2017\/12\/cropped-Photo-profil-YT.jpg\",\"contentUrl\":\"https:\/\/francoistuphe.com\/wp-content\/uploads\/2017\/12\/cropped-Photo-profil-YT.jpg\",\"width\":512,\"height\":512,\"caption\":\"Auto-entreprise Fran\u00e7ois Tuph\u00e9\"},\"image\":{\"@id\":\"https:\/\/francoistuphe.com\/#\/schema\/logo\/image\/\"},\"sameAs\":[\"https:\/\/www.facebook.com\/francois.tuphe.beanie.boy\",\"https:\/\/www.instagram.com\/francoistuphemusic\/\",\"https:\/\/www.youtube.com\/c\/FrancoisTupheofficial\"]}]}<\/script>\n<!-- \/ Yoast SEO plugin. -->","yoast_head_json":{"title":"Fran\u00e7ois Tuph\u00e9 - Biography","description":"Fran\u00e7ois Tuph\u00e9's biography, professionnal musician.","robots":{"index":"index","follow":"follow","max-snippet":"max-snippet:-1","max-image-preview":"max-image-preview:large","max-video-preview":"max-video-preview:-1"},"canonical":"https:\/\/francoistuphe.com\/biographie\/","og_locale":"en_US","og_type":"article","og_title":"[:fr]Fran\u00e7ois Tuph\u00e9 - Biographie [:en]Fran\u00e7ois Tuph\u00e9 - Biography[:]","og_description":"{:fr}Biographie de Fran\u00e7ois Tuph\u00e9, musicien professionnel. {:en}Fran\u00e7ois Tuph\u00e9's biography, professionnal musician. {:}","og_url":"https:\/\/francoistuphe.com\/biographie\/","og_site_name":"Fran\u00e7ois Tuph\u00e9","article_publisher":"https:\/\/www.facebook.com\/francois.tuphe.beanie.boy","article_modified_time":"2020-03-19T13:48:55+00:00","og_image":[{"url":"https:\/\/francoistuphe.com\/wp-content\/uploads\/2017\/12\/24297402_1699383240112110_2714488213380002049_o.jpg"}],"twitter_card":"summary_large_image","twitter_misc":{"Est. reading time":"4 minutes"},"schema":{"@context":"https:\/\/schema.org","@graph":[{"@type":"WebPage","@id":"https:\/\/francoistuphe.com\/biographie\/","url":"https:\/\/francoistuphe.com\/biographie\/","name":"[:fr]Fran\u00e7ois Tuph\u00e9 - Biographie [:en]Fran\u00e7ois Tuph\u00e9 - Biography[:]","isPartOf":{"@id":"https:\/\/francoistuphe.com\/#website"},"primaryImageOfPage":{"@id":"https:\/\/francoistuphe.com\/biographie\/#primaryimage"},"image":{"@id":"https:\/\/francoistuphe.com\/biographie\/#primaryimage"},"thumbnailUrl":"https:\/\/francoistuphe.com\/wp-content\/uploads\/2017\/12\/24297402_1699383240112110_2714488213380002049_o.jpg","datePublished":"2017-12-27T12:01:36+00:00","dateModified":"2020-03-19T13:48:55+00:00","description":"{:fr}Biographie de Fran\u00e7ois Tuph\u00e9, musicien professionnel. {:en}Fran\u00e7ois Tuph\u00e9's biography, professionnal musician. {:}","breadcrumb":{"@id":"https:\/\/francoistuphe.com\/biographie\/#breadcrumb"},"inLanguage":"en-US","potentialAction":[{"@type":"ReadAction","target":["https:\/\/francoistuphe.com\/biographie\/"]}]},{"@type":"ImageObject","inLanguage":"en-US","@id":"https:\/\/francoistuphe.com\/biographie\/#primaryimage","url":"https:\/\/francoistuphe.com\/wp-content\/uploads\/2017\/12\/24297402_1699383240112110_2714488213380002049_o.jpg","contentUrl":"https:\/\/francoistuphe.com\/wp-content\/uploads\/2017\/12\/24297402_1699383240112110_2714488213380002049_o.jpg","width":1365,"height":2048,"caption":"The Fuzz Gentlemen @Le Silex, Release Party \"Early Is On Time\" Cr\u00e9dit Photo: Sandrine Deschamps"},{"@type":"BreadcrumbList","@id":"https:\/\/francoistuphe.com\/biographie\/#breadcrumb","itemListElement":[{"@type":"ListItem","position":1,"name":"Accueil","item":"https:\/\/francoistuphe.com\/"},{"@type":"ListItem","position":2,"name":"Biographie"}]},{"@type":"WebSite","@id":"https:\/\/francoistuphe.com\/#website","url":"https:\/\/francoistuphe.com\/","name":"Fran\u00e7ois Tuph\u00e9","description":"Music Connects People Records","publisher":{"@id":"https:\/\/francoistuphe.com\/#organization"},"potentialAction":[{"@type":"SearchAction","target":{"@type":"EntryPoint","urlTemplate":"https:\/\/francoistuphe.com\/?s={search_term_string}"},"query-input":"required name=search_term_string"}],"inLanguage":"en-US"},{"@type":"Organization","@id":"https:\/\/francoistuphe.com\/#organization","name":"Auto-entreprise Fran\u00e7ois Tuph\u00e9","url":"https:\/\/francoistuphe.com\/","logo":{"@type":"ImageObject","inLanguage":"en-US","@id":"https:\/\/francoistuphe.com\/#\/schema\/logo\/image\/","url":"https:\/\/francoistuphe.com\/wp-content\/uploads\/2017\/12\/cropped-Photo-profil-YT.jpg","contentUrl":"https:\/\/francoistuphe.com\/wp-content\/uploads\/2017\/12\/cropped-Photo-profil-YT.jpg","width":512,"height":512,"caption":"Auto-entreprise Fran\u00e7ois Tuph\u00e9"},"image":{"@id":"https:\/\/francoistuphe.com\/#\/schema\/logo\/image\/"},"sameAs":["https:\/\/www.facebook.com\/francois.tuphe.beanie.boy","https:\/\/www.instagram.com\/francoistuphemusic\/","https:\/\/www.youtube.com\/c\/FrancoisTupheofficial"]}]}},"_links":{"self":[{"href":"https:\/\/francoistuphe.com\/en\/wp-json\/wp\/v2\/pages\/11"}],"collection":[{"href":"https:\/\/francoistuphe.com\/en\/wp-json\/wp\/v2\/pages"}],"about":[{"href":"https:\/\/francoistuphe.com\/en\/wp-json\/wp\/v2\/types\/page"}],"author":[{"embeddable":true,"href":"https:\/\/francoistuphe.com\/en\/wp-json\/wp\/v2\/users\/1"}],"replies":[{"embeddable":true,"href":"https:\/\/francoistuphe.com\/en\/wp-json\/wp\/v2\/comments?post=11"}],"version-history":[{"count":10,"href":"https:\/\/francoistuphe.com\/en\/wp-json\/wp\/v2\/pages\/11\/revisions"}],"predecessor-version":[{"id":88,"href":"https:\/\/francoistuphe.com\/en\/wp-json\/wp\/v2\/pages\/11\/revisions\/88"}],"wp:attachment":[{"href":"https:\/\/francoistuphe.com\/en\/wp-json\/wp\/v2\/media?parent=11"}],"curies":[{"name":"wp","href":"https:\/\/api.w.org\/{rel}","templated":true}]}}