{"id":137,"date":"2023-01-04T01:08:57","date_gmt":"2023-01-04T00:08:57","guid":{"rendered":"https:\/\/francoistuphe.com\/?page_id=137"},"modified":"2023-01-04T01:59:12","modified_gmt":"2023-01-04T00:59:12","slug":"media","status":"publish","type":"page","link":"https:\/\/francoistuphe.com\/en\/media\/","title":{"rendered":"Media"},"content":{"rendered":"\n<p class=\"has-text-align-center has-medium-font-size\">Fran\u00e7ois Tuph\u00e9 &#8211; So You&#8217;re Gone<\/p>\n\n\n\n<p class=\"has-text-align-center has-small-font-size\"><a rel=\"noreferrer noopener\" href=\"https:\/\/fr-fr.facebook.com\/UnitedGuitarsArmy\/\" data-type=\"URL\" data-id=\"https:\/\/fr-fr.facebook.com\/UnitedGuitarsArmy\/\" target=\"_blank\"><em>United Guitars<\/em><\/a><\/p>\n\n\n\n<figure class=\"wp-block-embed is-type-video is-provider-youtube wp-block-embed-youtube wp-embed-aspect-16-9 wp-has-aspect-ratio\"><div class=\"wp-block-embed__wrapper\">\n<iframe loading=\"lazy\" title=\"United Guitars Vol. 2 : \u201cSo You\u2019re Gone\u201d Franc\u0327ois Tuphe\u0301 - feat. Youri De Groote &amp; Manu Livertout \ud83c\udfb8\" width=\"832\" height=\"468\" src=\"https:\/\/www.youtube.com\/embed\/wBTBhlh_t6o?feature=oembed\" frameborder=\"0\" allow=\"accelerometer; autoplay; clipboard-write; encrypted-media; gyroscope; picture-in-picture; web-share\" allowfullscreen><\/iframe>\n<\/div><\/figure>\n\n\n\n<p class=\"has-text-align-center has-white-color has-text-color\">__<\/p>\n\n\n\n<p class=\"has-text-align-center\">________________________<\/p>\n\n\n\n<p class=\"has-text-align-center has-white-color has-text-color\">__<\/p>\n\n\n\n<p class=\"has-text-align-center has-medium-font-size\">The Fuzz Gentlemen &#8211; Truth<\/p>\n\n\n\n<p class=\"has-text-align-center\"><em>(Fran\u00e7ois Tuph\u00e9 : Voice &amp; Guitar)<\/em><\/p>\n\n\n\n<figure class=\"wp-block-embed is-type-video is-provider-youtube wp-block-embed-youtube wp-embed-aspect-16-9 wp-has-aspect-ratio\"><div class=\"wp-block-embed__wrapper\">\n<iframe loading=\"lazy\" title=\"The Fuzz Gentlemen - Truth (Official Video)\" width=\"832\" height=\"468\" src=\"https:\/\/www.youtube.com\/embed\/-irR5Q1Vgk8?feature=oembed\" frameborder=\"0\" allow=\"accelerometer; autoplay; clipboard-write; encrypted-media; gyroscope; picture-in-picture; web-share\" allowfullscreen><\/iframe>\n<\/div><\/figure>\n\n\n\n<p class=\"has-text-align-center has-white-color has-text-color\">__<\/p>\n\n\n\n<p class=\"has-text-align-center\">________________________<\/p>\n\n\n\n<p class=\"has-text-align-center has-white-color has-text-color\">__<\/p>\n\n\n\n<p class=\"has-text-align-center has-medium-font-size\">Soundtrack for <a href=\"https:\/\/www.lacageparis.fr\/\" data-type=\"URL\" data-id=\"https:\/\/www.lacageparis.fr\/\">La Cage<\/a><\/p>\n\n\n\n<p class=\"has-text-align-center has-small-font-size\"><em>THE WANTED AND THE BARD<\/em><\/p>\n\n\n\n<figure class=\"wp-block-embed is-type-rich is-provider-prise-en-charge-des-contenus-embarques wp-block-embed-prise-en-charge-des-contenus-embarques\"><div class=\"wp-block-embed__wrapper\">\n<div style=\"width: 640px;\" class=\"wp-video\"><!--[if lt IE 9]><script>document.createElement('video');<\/script><![endif]-->\n<video class=\"wp-video-shortcode\" id=\"video-137-1\" width=\"640\" height=\"360\" preload=\"metadata\" controls=\"controls\"><source type=\"video\/mp4\" src=\"https:\/\/video.wixstatic.com\/video\/d613e9_7f2e59a3c93c453392c98a6331efe4dc\/720p\/mp4\/file.mp4?_=1\" \/><a href=\"https:\/\/video.wixstatic.com\/video\/d613e9_7f2e59a3c93c453392c98a6331efe4dc\/720p\/mp4\/file.mp4\">https:\/\/video.wixstatic.com\/video\/d613e9_7f2e59a3c93c453392c98a6331efe4dc\/720p\/mp4\/file.mp4<\/a><\/video><\/div>\n<\/div><\/figure>\n","protected":false},"excerpt":{"rendered":"<p>Fran\u00e7ois Tuph\u00e9 &#8211; So You&#8217;re Gone United Guitars __ ________________________ __ The Fuzz Gentlemen &#8211; Truth (Fran\u00e7ois Tuph\u00e9 : Voice &amp; Guitar) __ ________________________ __ Soundtrack for La Cage THE WANTED AND THE BARD<\/p>\n","protected":false},"author":1,"featured_media":0,"parent":0,"menu_order":0,"comment_status":"closed","ping_status":"closed","template":"","meta":{"footnotes":""},"yoast_head":"<!-- This site is optimized with the Yoast SEO plugin v22.2 - https:\/\/yoast.com\/wordpress\/plugins\/seo\/ -->\n<title>(Fran\u00e7ais) Fran\u00e7ois Tuph\u00e9 - Media<\/title>\n<meta name=\"description\" content=\"(Fran\u00e7ais) La page m\u00e9dia du site de Fran\u00e7ois Tuph\u00e9. Vous y trouverez vid\u00e9os, photos, et fichiers audios de ces diff\u00e9rents projets (B.O. de films, groupes, etc).\" \/>\n<meta name=\"robots\" content=\"index, follow, max-snippet:-1, max-image-preview:large, max-video-preview:-1\" \/>\n<link rel=\"canonical\" href=\"https:\/\/francoistuphe.com\/media\/\" \/>\n<meta property=\"og:locale\" content=\"en_US\" \/>\n<meta property=\"og:type\" content=\"article\" \/>\n<meta property=\"og:title\" content=\"[:fr] Fran\u00e7ois Tuph\u00e9 - Media [:]\" \/>\n<meta property=\"og:description\" content=\"{:fr}La page m\u00e9dia du site de Fran\u00e7ois Tuph\u00e9. Vous y trouverez vid\u00e9os, photos, et fichiers audios de ces diff\u00e9rents projets (B.O. de films, groupes, etc).{:}\" \/>\n<meta property=\"og:url\" content=\"https:\/\/francoistuphe.com\/media\/\" \/>\n<meta property=\"og:site_name\" content=\"Fran\u00e7ois Tuph\u00e9\" \/>\n<meta property=\"article:publisher\" content=\"https:\/\/www.facebook.com\/francois.tuphe.beanie.boy\" \/>\n<meta property=\"article:modified_time\" content=\"2023-01-04T00:59:12+00:00\" \/>\n<meta property=\"og:image\" content=\"https:\/\/francoistuphe.com\/wp-content\/uploads\/2017\/12\/cropped-Photo-profil-YT.jpg\" \/>\n\t<meta property=\"og:image:width\" content=\"512\" \/>\n\t<meta property=\"og:image:height\" content=\"512\" \/>\n\t<meta property=\"og:image:type\" content=\"image\/jpeg\" \/>\n<meta name=\"twitter:card\" content=\"summary_large_image\" \/>\n<script type=\"application\/ld+json\" class=\"yoast-schema-graph\">{\"@context\":\"https:\/\/schema.org\",\"@graph\":[{\"@type\":\"WebPage\",\"@id\":\"https:\/\/francoistuphe.com\/media\/\",\"url\":\"https:\/\/francoistuphe.com\/media\/\",\"name\":\"[:fr] Fran\u00e7ois Tuph\u00e9 - Media [:]\",\"isPartOf\":{\"@id\":\"https:\/\/francoistuphe.com\/#website\"},\"datePublished\":\"2023-01-04T00:08:57+00:00\",\"dateModified\":\"2023-01-04T00:59:12+00:00\",\"description\":\"{:fr}La page m\u00e9dia du site de Fran\u00e7ois Tuph\u00e9. Vous y trouverez vid\u00e9os, photos, et fichiers audios de ces diff\u00e9rents projets (B.O. de films, groupes, etc).{:}\",\"breadcrumb\":{\"@id\":\"https:\/\/francoistuphe.com\/media\/#breadcrumb\"},\"inLanguage\":\"en-US\",\"potentialAction\":[{\"@type\":\"ReadAction\",\"target\":[\"https:\/\/francoistuphe.com\/media\/\"]}]},{\"@type\":\"BreadcrumbList\",\"@id\":\"https:\/\/francoistuphe.com\/media\/#breadcrumb\",\"itemListElement\":[{\"@type\":\"ListItem\",\"position\":1,\"name\":\"Accueil\",\"item\":\"https:\/\/francoistuphe.com\/\"},{\"@type\":\"ListItem\",\"position\":2,\"name\":\"Media\"}]},{\"@type\":\"WebSite\",\"@id\":\"https:\/\/francoistuphe.com\/#website\",\"url\":\"https:\/\/francoistuphe.com\/\",\"name\":\"Fran\u00e7ois Tuph\u00e9\",\"description\":\"Music Connects People Records\",\"publisher\":{\"@id\":\"https:\/\/francoistuphe.com\/#organization\"},\"potentialAction\":[{\"@type\":\"SearchAction\",\"target\":{\"@type\":\"EntryPoint\",\"urlTemplate\":\"https:\/\/francoistuphe.com\/?s={search_term_string}\"},\"query-input\":\"required name=search_term_string\"}],\"inLanguage\":\"en-US\"},{\"@type\":\"Organization\",\"@id\":\"https:\/\/francoistuphe.com\/#organization\",\"name\":\"Auto-entreprise Fran\u00e7ois Tuph\u00e9\",\"url\":\"https:\/\/francoistuphe.com\/\",\"logo\":{\"@type\":\"ImageObject\",\"inLanguage\":\"en-US\",\"@id\":\"https:\/\/francoistuphe.com\/#\/schema\/logo\/image\/\",\"url\":\"https:\/\/francoistuphe.com\/wp-content\/uploads\/2017\/12\/cropped-Photo-profil-YT.jpg\",\"contentUrl\":\"https:\/\/francoistuphe.com\/wp-content\/uploads\/2017\/12\/cropped-Photo-profil-YT.jpg\",\"width\":512,\"height\":512,\"caption\":\"Auto-entreprise Fran\u00e7ois Tuph\u00e9\"},\"image\":{\"@id\":\"https:\/\/francoistuphe.com\/#\/schema\/logo\/image\/\"},\"sameAs\":[\"https:\/\/www.facebook.com\/francois.tuphe.beanie.boy\",\"https:\/\/www.instagram.com\/francoistuphemusic\/\",\"https:\/\/www.youtube.com\/c\/FrancoisTupheofficial\"]}]}<\/script>\n<!-- \/ Yoast SEO plugin. -->","yoast_head_json":{"title":"(Fran\u00e7ais) Fran\u00e7ois Tuph\u00e9 - Media","description":"(Fran\u00e7ais) La page m\u00e9dia du site de Fran\u00e7ois Tuph\u00e9. Vous y trouverez vid\u00e9os, photos, et fichiers audios de ces diff\u00e9rents projets (B.O. de films, groupes, etc).","robots":{"index":"index","follow":"follow","max-snippet":"max-snippet:-1","max-image-preview":"max-image-preview:large","max-video-preview":"max-video-preview:-1"},"canonical":"https:\/\/francoistuphe.com\/media\/","og_locale":"en_US","og_type":"article","og_title":"[:fr] Fran\u00e7ois Tuph\u00e9 - Media [:]","og_description":"{:fr}La page m\u00e9dia du site de Fran\u00e7ois Tuph\u00e9. Vous y trouverez vid\u00e9os, photos, et fichiers audios de ces diff\u00e9rents projets (B.O. de films, groupes, etc).{:}","og_url":"https:\/\/francoistuphe.com\/media\/","og_site_name":"Fran\u00e7ois Tuph\u00e9","article_publisher":"https:\/\/www.facebook.com\/francois.tuphe.beanie.boy","article_modified_time":"2023-01-04T00:59:12+00:00","og_image":[{"width":512,"height":512,"url":"https:\/\/francoistuphe.com\/wp-content\/uploads\/2017\/12\/cropped-Photo-profil-YT.jpg","type":"image\/jpeg"}],"twitter_card":"summary_large_image","schema":{"@context":"https:\/\/schema.org","@graph":[{"@type":"WebPage","@id":"https:\/\/francoistuphe.com\/media\/","url":"https:\/\/francoistuphe.com\/media\/","name":"[:fr] Fran\u00e7ois Tuph\u00e9 - Media [:]","isPartOf":{"@id":"https:\/\/francoistuphe.com\/#website"},"datePublished":"2023-01-04T00:08:57+00:00","dateModified":"2023-01-04T00:59:12+00:00","description":"{:fr}La page m\u00e9dia du site de Fran\u00e7ois Tuph\u00e9. Vous y trouverez vid\u00e9os, photos, et fichiers audios de ces diff\u00e9rents projets (B.O. de films, groupes, etc).{:}","breadcrumb":{"@id":"https:\/\/francoistuphe.com\/media\/#breadcrumb"},"inLanguage":"en-US","potentialAction":[{"@type":"ReadAction","target":["https:\/\/francoistuphe.com\/media\/"]}]},{"@type":"BreadcrumbList","@id":"https:\/\/francoistuphe.com\/media\/#breadcrumb","itemListElement":[{"@type":"ListItem","position":1,"name":"Accueil","item":"https:\/\/francoistuphe.com\/"},{"@type":"ListItem","position":2,"name":"Media"}]},{"@type":"WebSite","@id":"https:\/\/francoistuphe.com\/#website","url":"https:\/\/francoistuphe.com\/","name":"Fran\u00e7ois Tuph\u00e9","description":"Music Connects People Records","publisher":{"@id":"https:\/\/francoistuphe.com\/#organization"},"potentialAction":[{"@type":"SearchAction","target":{"@type":"EntryPoint","urlTemplate":"https:\/\/francoistuphe.com\/?s={search_term_string}"},"query-input":"required name=search_term_string"}],"inLanguage":"en-US"},{"@type":"Organization","@id":"https:\/\/francoistuphe.com\/#organization","name":"Auto-entreprise Fran\u00e7ois Tuph\u00e9","url":"https:\/\/francoistuphe.com\/","logo":{"@type":"ImageObject","inLanguage":"en-US","@id":"https:\/\/francoistuphe.com\/#\/schema\/logo\/image\/","url":"https:\/\/francoistuphe.com\/wp-content\/uploads\/2017\/12\/cropped-Photo-profil-YT.jpg","contentUrl":"https:\/\/francoistuphe.com\/wp-content\/uploads\/2017\/12\/cropped-Photo-profil-YT.jpg","width":512,"height":512,"caption":"Auto-entreprise Fran\u00e7ois Tuph\u00e9"},"image":{"@id":"https:\/\/francoistuphe.com\/#\/schema\/logo\/image\/"},"sameAs":["https:\/\/www.facebook.com\/francois.tuphe.beanie.boy","https:\/\/www.instagram.com\/francoistuphemusic\/","https:\/\/www.youtube.com\/c\/FrancoisTupheofficial"]}]}},"_links":{"self":[{"href":"https:\/\/francoistuphe.com\/en\/wp-json\/wp\/v2\/pages\/137"}],"collection":[{"href":"https:\/\/francoistuphe.com\/en\/wp-json\/wp\/v2\/pages"}],"about":[{"href":"https:\/\/francoistuphe.com\/en\/wp-json\/wp\/v2\/types\/page"}],"author":[{"embeddable":true,"href":"https:\/\/francoistuphe.com\/en\/wp-json\/wp\/v2\/users\/1"}],"replies":[{"embeddable":true,"href":"https:\/\/francoistuphe.com\/en\/wp-json\/wp\/v2\/comments?post=137"}],"version-history":[{"count":10,"href":"https:\/\/francoistuphe.com\/en\/wp-json\/wp\/v2\/pages\/137\/revisions"}],"predecessor-version":[{"id":164,"href":"https:\/\/francoistuphe.com\/en\/wp-json\/wp\/v2\/pages\/137\/revisions\/164"}],"wp:attachment":[{"href":"https:\/\/francoistuphe.com\/en\/wp-json\/wp\/v2\/media?parent=137"}],"curies":[{"name":"wp","href":"https:\/\/api.w.org\/{rel}","templated":true}]}}